{"id":347,"date":"2023-08-31T13:58:36","date_gmt":"2023-08-31T13:58:36","guid":{"rendered":"https:\/\/www.martingagne.ca\/soumission-en-ligne\/"},"modified":"2024-01-30T19:10:27","modified_gmt":"2024-01-30T19:10:27","slug":"online-quote","status":"publish","type":"page","link":"https:\/\/www.martingagne.ca\/en\/online-quote\/","title":{"rendered":"Online quote"},"content":{"rendered":"","protected":false},"excerpt":{"rendered":"","protected":false},"author":2,"featured_media":0,"parent":0,"menu_order":0,"comment_status":"closed","ping_status":"closed","template":"template-contact.php","meta":{"footnotes":""},"class_list":["post-347","page","type-page","status-publish","hentry"],"acf":[],"yoast_head":"<!-- This site is optimized with the Yoast SEO Premium plugin v21.0 (Yoast SEO v21.9.1) - https:\/\/yoast.com\/wordpress\/plugins\/seo\/ -->\n<title>Online quote for snow removal or landscape services - Martin Gagn\u00e9 Inc.<\/title>\n<meta name=\"robots\" content=\"index, follow, max-snippet:-1, max-image-preview:large, max-video-preview:-1\" \/>\n<link rel=\"canonical\" href=\"https:\/\/www.martingagne.ca\/en\/online-quote\/\" \/>\n<meta property=\"og:locale\" content=\"en_US\" \/>\n<meta property=\"og:type\" content=\"article\" \/>\n<meta property=\"og:title\" content=\"Online quote\" \/>\n<meta property=\"og:url\" content=\"https:\/\/www.martingagne.ca\/en\/online-quote\/\" \/>\n<meta property=\"og:site_name\" content=\"Martin Gagn\u00e9 Inc.\" \/>\n<meta property=\"article:publisher\" content=\"https:\/\/www.facebook.com\/people\/Services-Paysagers-Martin-Gagn%c3%a9-Inc\/100057530616003\/\" \/>\n<meta property=\"article:modified_time\" content=\"2024-01-30T19:10:27+00:00\" \/>\n<meta property=\"og:image\" content=\"https:\/\/www.martingagne.ca\/wp-content\/uploads\/2023\/08\/sharefacebook.jpg\" \/>\n\t<meta property=\"og:image:width\" content=\"1360\" \/>\n\t<meta property=\"og:image:height\" content=\"710\" \/>\n\t<meta property=\"og:image:type\" content=\"image\/jpeg\" \/>\n<meta name=\"twitter:card\" content=\"summary_large_image\" \/>\n<script type=\"application\/ld+json\" class=\"yoast-schema-graph\">{\"@context\":\"https:\/\/schema.org\",\"@graph\":[{\"@type\":\"WebPage\",\"@id\":\"https:\/\/www.martingagne.ca\/en\/online-quote\/\",\"url\":\"https:\/\/www.martingagne.ca\/en\/online-quote\/\",\"name\":\"Online quote for snow removal or landscape services - Martin Gagn\u00e9 Inc.\",\"isPartOf\":{\"@id\":\"https:\/\/martingagne.ca\/#website\"},\"datePublished\":\"2023-08-31T13:58:36+00:00\",\"dateModified\":\"2024-01-30T19:10:27+00:00\",\"breadcrumb\":{\"@id\":\"https:\/\/www.martingagne.ca\/en\/online-quote\/#breadcrumb\"},\"inLanguage\":\"en-US\",\"potentialAction\":[{\"@type\":\"ReadAction\",\"target\":[\"https:\/\/www.martingagne.ca\/en\/online-quote\/\"]}]},{\"@type\":\"BreadcrumbList\",\"@id\":\"https:\/\/www.martingagne.ca\/en\/online-quote\/#breadcrumb\",\"itemListElement\":[{\"@type\":\"ListItem\",\"position\":1,\"name\":\"Home\",\"item\":\"https:\/\/www.martingagne.ca\/en\/accueil\/\"},{\"@type\":\"ListItem\",\"position\":2,\"name\":\"Online quote\"}]},{\"@type\":\"WebSite\",\"@id\":\"https:\/\/martingagne.ca\/#website\",\"url\":\"https:\/\/martingagne.ca\/\",\"name\":\"Martin Gagn\u00e9 Inc.\",\"description\":\"Hiver comme \u00e9t\u00e9 pensez Martin Gagn\u00e9\",\"publisher\":{\"@id\":\"https:\/\/martingagne.ca\/#organization\"},\"potentialAction\":[{\"@type\":\"SearchAction\",\"target\":{\"@type\":\"EntryPoint\",\"urlTemplate\":\"https:\/\/martingagne.ca\/?s={search_term_string}\"},\"query-input\":\"required name=search_term_string\"}],\"inLanguage\":\"en-US\"},{\"@type\":\"Organization\",\"@id\":\"https:\/\/martingagne.ca\/#organization\",\"name\":\"Martin Gagn\u00e9 Inc.\",\"url\":\"https:\/\/martingagne.ca\/\",\"logo\":{\"@type\":\"ImageObject\",\"inLanguage\":\"en-US\",\"@id\":\"https:\/\/martingagne.ca\/#\/schema\/logo\/image\/\",\"url\":\"https:\/\/www.martingagne.ca\/wp-content\/uploads\/2023\/08\/logo.jpg\",\"contentUrl\":\"https:\/\/www.martingagne.ca\/wp-content\/uploads\/2023\/08\/logo.jpg\",\"width\":696,\"height\":696,\"caption\":\"Martin Gagn\u00e9 Inc.\"},\"image\":{\"@id\":\"https:\/\/martingagne.ca\/#\/schema\/logo\/image\/\"},\"sameAs\":[\"https:\/\/www.facebook.com\/people\/Services-Paysagers-Martin-Gagn\u00e9-Inc\/100057530616003\/\"]}]}<\/script>\n<!-- \/ Yoast SEO Premium plugin. -->","yoast_head_json":{"title":"Online quote for snow removal or landscape services - Martin Gagn\u00e9 Inc.","robots":{"index":"index","follow":"follow","max-snippet":"max-snippet:-1","max-image-preview":"max-image-preview:large","max-video-preview":"max-video-preview:-1"},"canonical":"https:\/\/www.martingagne.ca\/en\/online-quote\/","og_locale":"en_US","og_type":"article","og_title":"Online quote","og_url":"https:\/\/www.martingagne.ca\/en\/online-quote\/","og_site_name":"Martin Gagn\u00e9 Inc.","article_publisher":"https:\/\/www.facebook.com\/people\/Services-Paysagers-Martin-Gagn%c3%a9-Inc\/100057530616003\/","article_modified_time":"2024-01-30T19:10:27+00:00","og_image":[{"width":1360,"height":710,"url":"https:\/\/www.martingagne.ca\/wp-content\/uploads\/2023\/08\/sharefacebook.jpg","type":"image\/jpeg"}],"twitter_card":"summary_large_image","schema":{"@context":"https:\/\/schema.org","@graph":[{"@type":"WebPage","@id":"https:\/\/www.martingagne.ca\/en\/online-quote\/","url":"https:\/\/www.martingagne.ca\/en\/online-quote\/","name":"Online quote for snow removal or landscape services - Martin Gagn\u00e9 Inc.","isPartOf":{"@id":"https:\/\/martingagne.ca\/#website"},"datePublished":"2023-08-31T13:58:36+00:00","dateModified":"2024-01-30T19:10:27+00:00","breadcrumb":{"@id":"https:\/\/www.martingagne.ca\/en\/online-quote\/#breadcrumb"},"inLanguage":"en-US","potentialAction":[{"@type":"ReadAction","target":["https:\/\/www.martingagne.ca\/en\/online-quote\/"]}]},{"@type":"BreadcrumbList","@id":"https:\/\/www.martingagne.ca\/en\/online-quote\/#breadcrumb","itemListElement":[{"@type":"ListItem","position":1,"name":"Home","item":"https:\/\/www.martingagne.ca\/en\/accueil\/"},{"@type":"ListItem","position":2,"name":"Online quote"}]},{"@type":"WebSite","@id":"https:\/\/martingagne.ca\/#website","url":"https:\/\/martingagne.ca\/","name":"Martin Gagn\u00e9 Inc.","description":"Hiver comme \u00e9t\u00e9 pensez Martin Gagn\u00e9","publisher":{"@id":"https:\/\/martingagne.ca\/#organization"},"potentialAction":[{"@type":"SearchAction","target":{"@type":"EntryPoint","urlTemplate":"https:\/\/martingagne.ca\/?s={search_term_string}"},"query-input":"required name=search_term_string"}],"inLanguage":"en-US"},{"@type":"Organization","@id":"https:\/\/martingagne.ca\/#organization","name":"Martin Gagn\u00e9 Inc.","url":"https:\/\/martingagne.ca\/","logo":{"@type":"ImageObject","inLanguage":"en-US","@id":"https:\/\/martingagne.ca\/#\/schema\/logo\/image\/","url":"https:\/\/www.martingagne.ca\/wp-content\/uploads\/2023\/08\/logo.jpg","contentUrl":"https:\/\/www.martingagne.ca\/wp-content\/uploads\/2023\/08\/logo.jpg","width":696,"height":696,"caption":"Martin Gagn\u00e9 Inc."},"image":{"@id":"https:\/\/martingagne.ca\/#\/schema\/logo\/image\/"},"sameAs":["https:\/\/www.facebook.com\/people\/Services-Paysagers-Martin-Gagn\u00e9-Inc\/100057530616003\/"]}]}},"_links":{"self":[{"href":"https:\/\/www.martingagne.ca\/en\/wp-json\/wp\/v2\/pages\/347","targetHints":{"allow":["GET"]}}],"collection":[{"href":"https:\/\/www.martingagne.ca\/en\/wp-json\/wp\/v2\/pages"}],"about":[{"href":"https:\/\/www.martingagne.ca\/en\/wp-json\/wp\/v2\/types\/page"}],"author":[{"embeddable":true,"href":"https:\/\/www.martingagne.ca\/en\/wp-json\/wp\/v2\/users\/2"}],"replies":[{"embeddable":true,"href":"https:\/\/www.martingagne.ca\/en\/wp-json\/wp\/v2\/comments?post=347"}],"version-history":[{"count":6,"href":"https:\/\/www.martingagne.ca\/en\/wp-json\/wp\/v2\/pages\/347\/revisions"}],"predecessor-version":[{"id":437,"href":"https:\/\/www.martingagne.ca\/en\/wp-json\/wp\/v2\/pages\/347\/revisions\/437"}],"wp:attachment":[{"href":"https:\/\/www.martingagne.ca\/en\/wp-json\/wp\/v2\/media?parent=347"}],"curies":[{"name":"wp","href":"https:\/\/api.w.org\/{rel}","templated":true}]}}